{"id":1518,"date":"2016-07-08T09:55:38","date_gmt":"2016-07-08T07:55:38","guid":{"rendered":"http:\/\/kulturagentur.org\/?page_id=1518"},"modified":"2020-06-01T11:35:42","modified_gmt":"2020-06-01T09:35:42","slug":"raume-zum-mieten","status":"publish","type":"page","link":"https:\/\/kulturagentur.org\/?page_id=1518","title":{"rendered":"Nachbarschaftsr\u00e4ume"},"content":{"rendered":"<div id=\"metaslider-id-1611\" style=\"width: 100%; margin: 0 auto;\" class=\"ml-slider-3-70-0 metaslider metaslider-flex metaslider-1611 ml-slider ms-theme-default\" role=\"region\" aria-roledescription=\"Slideshow\" aria-label=\"Slide1\">\n    <div id=\"metaslider_container_1611\">\n        <div id=\"metaslider_1611\">\n            <ul aria-live=\"polite\" class=\"slides\">\n                <li style=\"display: block; width: 100%;\" class=\"slide-1697 ms-image \" aria-roledescription=\"slide\" aria-label=\"slide-1697\"><a href=\"http:\/\/kulturagentur.org\/?page_id=1423\" target=\"_self\"><img loading=\"lazy\" decoding=\"async\" src=\"https:\/\/kulturagentur.org\/wp-content\/uploads\/2016\/07\/1_kochen_slider.jpg\" height=\"550\" width=\"1283\" alt=\"\" class=\"slider-1611 slide-1697\" \/><\/a><div class=\"caption-wrap\"><div class=\"caption\">Vermietung von R\u00e4umlichkeiten f\u00fcr die Nachbarschaft<\/div><\/div><\/li>\n                <li style=\"display: none; width: 100%;\" class=\"slide-1698 ms-image \" aria-roledescription=\"slide\" aria-label=\"slide-1698\"><a href=\"http:\/\/kulturagentur.org\/?page_id=1419\" target=\"_self\"><img loading=\"lazy\" decoding=\"async\" src=\"https:\/\/kulturagentur.org\/wp-content\/uploads\/2016\/07\/3_sport_slider.jpg\" height=\"550\" width=\"1283\" alt=\"\" class=\"slider-1611 slide-1698\" \/><\/a><div class=\"caption-wrap\"><div class=\"caption\">Vermietung von R\u00e4umlichkeiten f\u00fcr die Nachbarschaft<\/div><\/div><\/li>\n                <li style=\"display: none; width: 100%;\" class=\"slide-1699 ms-image \" aria-roledescription=\"slide\" aria-label=\"slide-1699\"><a href=\"http:\/\/kulturagentur.org\/?page_id=1421\" target=\"_self\"><img loading=\"lazy\" decoding=\"async\" src=\"https:\/\/kulturagentur.org\/wp-content\/uploads\/2016\/07\/2_buero_slider.jpg\" height=\"550\" width=\"1283\" alt=\"\" class=\"slider-1611 slide-1699\" \/><\/a><div class=\"caption-wrap\"><div class=\"caption\">Vermietung von R\u00e4umlichkeiten f\u00fcr die Nachbarschaft<\/div><\/div><\/li>\n            <\/ul>\n        <\/div>\n        \n    <\/div>\n<\/div>\n<p><strong>KulturAgentur\u00ae<br \/>\nNachbarschaftsr\u00e4ume und B\u00fcrogemeinschaft<\/strong><br \/>\nClara-Zetkin-Str. 7<br \/>\n14471 Potsdam<br \/>\nTelefon 0331 \/ 58 50 58 50<br \/>\nwww.KulturAgentur.org<\/p>\n<p>Die Seminarr\u00e4ume und B\u00fcrogemeinschaft der KulturAgentur\u00ae sind mit WLAN, Beamer, Flipcharts, Whiteboard und Drucker ausgestattet.<br \/>\nDas Angebot umfa\u00dft<br \/>\n&#8211; unmittelbaren Zugang zum wundersch\u00f6nen Schlo\u00dfpark Sanssouci,<br \/>\n&#8211; beste Verkehrsanbindung (auch nach Berlin),<br \/>\n&#8211; professionelle Bohnen Kaffeemaschine mit Kaffeespezialit\u00e4ten wie Espresso, Latte Machiato, Cappucino und Milchkaffee,<br \/>\n&#8211; leckere Smoothies, Milkshakes, diverse kalte Getr\u00e4nke und mehr.<\/p>\n<p>Die R\u00e4umlichkeiten der KulturAgentur\u00ae sind 500 Meter vom ruhigen gr\u00fcnen ber\u00fchmten Schlo\u00df Park Sanssouci (Eingang Affengang) und 300 Meter vom verkehrsg\u00fcnstigen Bahnhof Charlottenhof (RegionalExress RE1 Berlin) gelegen.<\/p>\n<ul>\n<li><a href=\"http:\/\/kulturagentur.org\/?page_id=1419\">Veranstaltungsraum<\/a><\/li>\n<li><a href=\"http:\/\/kulturagentur.org\/?page_id=1421\">Seminarraum und B\u00fcrogemeinschaft<\/a><\/li>\n<li><a href=\"http:\/\/kulturagentur.org\/?page_id=1423\">Gro\u00dfe K\u00fcche<\/a><\/li>\n<\/ul>\n","protected":false},"excerpt":{"rendered":"<p>KulturAgentur\u00ae Nachbarschaftsr\u00e4ume und B\u00fcrogemeinschaft Clara-Zetkin-Str. 7 14471 Potsdam Telefon 0331 \/ 58 50 58 50 www.KulturAgentur.org Die Seminarr\u00e4ume und B\u00fcrogemeinschaft der KulturAgentur\u00ae sind mit WLAN, Beamer, Flipcharts, Whiteboard und Drucker ausgestattet. Das Angebot umfa\u00dft &#8211; unmittelbaren Zugang zum wundersch\u00f6nen Schlo\u00dfpark Sanssouci, &#8211; beste Verkehrsanbindung (auch nach Berlin), &#8211; professionelle Bohnen &#8230;<\/p>\n","protected":false},"author":1,"featured_media":0,"parent":0,"menu_order":0,"comment_status":"closed","ping_status":"closed","template":"","meta":{"_monsterinsights_skip_tracking":false,"_monsterinsights_sitenote_active":false,"_monsterinsights_sitenote_note":"","_monsterinsights_sitenote_category":0,"_price":"","_stock":"","_tribe_ticket_header":"","_tribe_default_ticket_provider":"","_tribe_ticket_capacity":"0","_ticket_start_date":"","_ticket_end_date":"","_tribe_ticket_show_description":"","_tribe_ticket_show_not_going":false,"_tribe_ticket_use_global_stock":"","_tribe_ticket_global_stock_level":"0","_global_stock_mode":"","_global_stock_cap":"","_tribe_rsvp_for_event":"","_tribe_ticket_going_count":"","_tribe_ticket_not_going_count":"","_tribe_tickets_list":"[]","_tribe_ticket_has_attendee_info_fields":false,"footnotes":""},"class_list":["post-1518","page","type-page","status-publish","hentry","column","twocol"],"yoast_head":"<!-- This site is optimized with the Yoast SEO plugin v22.4 - https:\/\/yoast.com\/wordpress\/plugins\/seo\/ -->\n<title>Nachbarschaftsr\u00e4ume - KulturAgentur\u00ae<\/title>\n<meta name=\"robots\" content=\"index, follow, max-snippet:-1, max-image-preview:large, max-video-preview:-1\" \/>\n<link rel=\"canonical\" href=\"https:\/\/kulturagentur.org\/?page_id=1518\" \/>\n<meta property=\"og:locale\" content=\"en_US\" \/>\n<meta property=\"og:type\" content=\"article\" \/>\n<meta property=\"og:title\" content=\"Nachbarschaftsr\u00e4ume - KulturAgentur\u00ae\" \/>\n<meta property=\"og:description\" content=\"KulturAgentur\u00ae Nachbarschaftsr\u00e4ume und B\u00fcrogemeinschaft Clara-Zetkin-Str. 7 14471 Potsdam Telefon 0331 \/ 58 50 58 50 www.KulturAgentur.org Die Seminarr\u00e4ume und B\u00fcrogemeinschaft der KulturAgentur\u00ae &#8230;\" \/>\n<meta property=\"og:url\" content=\"https:\/\/kulturagentur.org\/?page_id=1518\" \/>\n<meta property=\"og:site_name\" content=\"KulturAgentur\u00ae\" \/>\n<meta property=\"article:publisher\" content=\"https:\/\/www.facebook.com\/kulturagentur\" \/>\n<meta property=\"article:modified_time\" content=\"2020-06-01T09:35:42+00:00\" \/>\n<meta name=\"twitter:card\" content=\"summary_large_image\" \/>\n<meta name=\"twitter:site\" content=\"@kulturagentur\" \/>\n<meta name=\"twitter:label1\" content=\"Est. reading time\" \/>\n\t<meta name=\"twitter:data1\" content=\"1 minute\" \/>\n<script type=\"application\/ld+json\" class=\"yoast-schema-graph\">{\"@context\":\"https:\/\/schema.org\",\"@graph\":[{\"@type\":\"WebPage\",\"@id\":\"https:\/\/kulturagentur.org\/?page_id=1518\",\"url\":\"https:\/\/kulturagentur.org\/?page_id=1518\",\"name\":\"Nachbarschaftsr\u00e4ume - KulturAgentur\u00ae\",\"isPartOf\":{\"@id\":\"https:\/\/kulturagentur.org\/#website\"},\"datePublished\":\"2016-07-08T07:55:38+00:00\",\"dateModified\":\"2020-06-01T09:35:42+00:00\",\"breadcrumb\":{\"@id\":\"https:\/\/kulturagentur.org\/?page_id=1518#breadcrumb\"},\"inLanguage\":\"en-US\",\"potentialAction\":[{\"@type\":\"ReadAction\",\"target\":[\"https:\/\/kulturagentur.org\/?page_id=1518\"]}]},{\"@type\":\"BreadcrumbList\",\"@id\":\"https:\/\/kulturagentur.org\/?page_id=1518#breadcrumb\",\"itemListElement\":[{\"@type\":\"ListItem\",\"position\":1,\"name\":\"Home\",\"item\":\"https:\/\/kulturagentur.org\/\"},{\"@type\":\"ListItem\",\"position\":2,\"name\":\"Nachbarschaftsr\u00e4ume\"}]},{\"@type\":\"WebSite\",\"@id\":\"https:\/\/kulturagentur.org\/#website\",\"url\":\"https:\/\/kulturagentur.org\/\",\"name\":\"KulturAgentur\u00ae\",\"description\":\"Interkulturelle Events und Bildung\",\"publisher\":{\"@id\":\"https:\/\/kulturagentur.org\/#organization\"},\"potentialAction\":[{\"@type\":\"SearchAction\",\"target\":{\"@type\":\"EntryPoint\",\"urlTemplate\":\"https:\/\/kulturagentur.org\/?s={search_term_string}\"},\"query-input\":\"required name=search_term_string\"}],\"inLanguage\":\"en-US\"},{\"@type\":\"Organization\",\"@id\":\"https:\/\/kulturagentur.org\/#organization\",\"name\":\"KulturAgentur\",\"url\":\"https:\/\/kulturagentur.org\/\",\"logo\":{\"@type\":\"ImageObject\",\"inLanguage\":\"en-US\",\"@id\":\"https:\/\/kulturagentur.org\/#\/schema\/logo\/image\/\",\"url\":\"https:\/\/kulturagentur.org\/wp-content\/uploads\/2016\/07\/logo_600px.jpg\",\"contentUrl\":\"https:\/\/kulturagentur.org\/wp-content\/uploads\/2016\/07\/logo_600px.jpg\",\"width\":600,\"height\":162,\"caption\":\"KulturAgentur\"},\"image\":{\"@id\":\"https:\/\/kulturagentur.org\/#\/schema\/logo\/image\/\"},\"sameAs\":[\"https:\/\/www.facebook.com\/kulturagentur\",\"https:\/\/twitter.com\/kulturagentur\",\"https:\/\/www.linkedin.com\/company\/10812041\"]}]}<\/script>\n<!-- \/ Yoast SEO plugin. -->","yoast_head_json":{"title":"Nachbarschaftsr\u00e4ume - KulturAgentur\u00ae","robots":{"index":"index","follow":"follow","max-snippet":"max-snippet:-1","max-image-preview":"max-image-preview:large","max-video-preview":"max-video-preview:-1"},"canonical":"https:\/\/kulturagentur.org\/?page_id=1518","og_locale":"en_US","og_type":"article","og_title":"Nachbarschaftsr\u00e4ume - KulturAgentur\u00ae","og_description":"KulturAgentur\u00ae Nachbarschaftsr\u00e4ume und B\u00fcrogemeinschaft Clara-Zetkin-Str. 7 14471 Potsdam Telefon 0331 \/ 58 50 58 50 www.KulturAgentur.org Die Seminarr\u00e4ume und B\u00fcrogemeinschaft der KulturAgentur\u00ae &#8230;","og_url":"https:\/\/kulturagentur.org\/?page_id=1518","og_site_name":"KulturAgentur\u00ae","article_publisher":"https:\/\/www.facebook.com\/kulturagentur","article_modified_time":"2020-06-01T09:35:42+00:00","twitter_card":"summary_large_image","twitter_site":"@kulturagentur","twitter_misc":{"Est. reading time":"1 minute"},"schema":{"@context":"https:\/\/schema.org","@graph":[{"@type":"WebPage","@id":"https:\/\/kulturagentur.org\/?page_id=1518","url":"https:\/\/kulturagentur.org\/?page_id=1518","name":"Nachbarschaftsr\u00e4ume - KulturAgentur\u00ae","isPartOf":{"@id":"https:\/\/kulturagentur.org\/#website"},"datePublished":"2016-07-08T07:55:38+00:00","dateModified":"2020-06-01T09:35:42+00:00","breadcrumb":{"@id":"https:\/\/kulturagentur.org\/?page_id=1518#breadcrumb"},"inLanguage":"en-US","potentialAction":[{"@type":"ReadAction","target":["https:\/\/kulturagentur.org\/?page_id=1518"]}]},{"@type":"BreadcrumbList","@id":"https:\/\/kulturagentur.org\/?page_id=1518#breadcrumb","itemListElement":[{"@type":"ListItem","position":1,"name":"Home","item":"https:\/\/kulturagentur.org\/"},{"@type":"ListItem","position":2,"name":"Nachbarschaftsr\u00e4ume"}]},{"@type":"WebSite","@id":"https:\/\/kulturagentur.org\/#website","url":"https:\/\/kulturagentur.org\/","name":"KulturAgentur\u00ae","description":"Interkulturelle Events und Bildung","publisher":{"@id":"https:\/\/kulturagentur.org\/#organization"},"potentialAction":[{"@type":"SearchAction","target":{"@type":"EntryPoint","urlTemplate":"https:\/\/kulturagentur.org\/?s={search_term_string}"},"query-input":"required name=search_term_string"}],"inLanguage":"en-US"},{"@type":"Organization","@id":"https:\/\/kulturagentur.org\/#organization","name":"KulturAgentur","url":"https:\/\/kulturagentur.org\/","logo":{"@type":"ImageObject","inLanguage":"en-US","@id":"https:\/\/kulturagentur.org\/#\/schema\/logo\/image\/","url":"https:\/\/kulturagentur.org\/wp-content\/uploads\/2016\/07\/logo_600px.jpg","contentUrl":"https:\/\/kulturagentur.org\/wp-content\/uploads\/2016\/07\/logo_600px.jpg","width":600,"height":162,"caption":"KulturAgentur"},"image":{"@id":"https:\/\/kulturagentur.org\/#\/schema\/logo\/image\/"},"sameAs":["https:\/\/www.facebook.com\/kulturagentur","https:\/\/twitter.com\/kulturagentur","https:\/\/www.linkedin.com\/company\/10812041"]}]}},"ticketed":false,"_links":{"self":[{"href":"https:\/\/kulturagentur.org\/index.php?rest_route=\/wp\/v2\/pages\/1518","targetHints":{"allow":["GET"]}}],"collection":[{"href":"https:\/\/kulturagentur.org\/index.php?rest_route=\/wp\/v2\/pages"}],"about":[{"href":"https:\/\/kulturagentur.org\/index.php?rest_route=\/wp\/v2\/types\/page"}],"author":[{"embeddable":true,"href":"https:\/\/kulturagentur.org\/index.php?rest_route=\/wp\/v2\/users\/1"}],"replies":[{"embeddable":true,"href":"https:\/\/kulturagentur.org\/index.php?rest_route=%2Fwp%2Fv2%2Fcomments&post=1518"}],"version-history":[{"count":9,"href":"https:\/\/kulturagentur.org\/index.php?rest_route=\/wp\/v2\/pages\/1518\/revisions"}],"predecessor-version":[{"id":1763,"href":"https:\/\/kulturagentur.org\/index.php?rest_route=\/wp\/v2\/pages\/1518\/revisions\/1763"}],"wp:attachment":[{"href":"https:\/\/kulturagentur.org\/index.php?rest_route=%2Fwp%2Fv2%2Fmedia&parent=1518"}],"curies":[{"name":"wp","href":"https:\/\/api.w.org\/{rel}","templated":true}]}}