{"id":1633,"date":"2016-07-16T21:21:30","date_gmt":"2016-07-16T19:21:30","guid":{"rendered":"http:\/\/kulturagentur.org\/?page_id=1633"},"modified":"2020-06-01T11:32:51","modified_gmt":"2020-06-01T09:32:51","slug":"adresse","status":"publish","type":"page","link":"https:\/\/kulturagentur.org\/?page_id=1633","title":{"rendered":"Adresse"},"content":{"rendered":"<p><iframe loading=\"lazy\" class=\"wp-image-1490 alignright\" style=\"border: 0;\" src=\"https:\/\/www.google.com\/maps\/embed?pb=!1m18!1m12!1m3!1d9738.369978203351!2d13.029298266516463!3d52.395937253170864!2m3!1f0!2f0!3f0!3m2!1i1024!2i768!4f13.1!3m3!1m2!1s0x47a8f5ccb492c3bb%3A0x92081c1bc4bf17c5!2sKulturAgentur!5e0!3m2!1sde!2sde!4v1468698176494\" width=\"500\" height=\"300\" frameborder=\"0\" allowfullscreen=\"allowfullscreen\"><\/iframe><\/p>\n<p><strong>KulturAgentur\u00ae<br \/>\nInterkulturelle Events und Bildung<br \/>\nNachbarschaftsr\u00e4ume und B\u00fcrogemeinschaft<\/strong><br \/>\nClara-Zetkin-Str. 7<br \/>\n14471 Potsdam<br \/>\nTelefon 0331 \/ 58 50 58 50<br \/>\nwww.KulturAgentur.org<\/p>\n<p>Die Seminarr\u00e4ume und B\u00fcrogemeinschaft der KulturAgentur\u00ae sind mit WLAN, Beamer, Flipcharts, Whiteboard und Drucker ausgestattet.<br \/>\nDas Angebot umfa\u00dft<br \/>\n&#8211; unmittelbaren Zugang zum wundersch\u00f6nen Schlo\u00dfpark Sanssouci,<br \/>\n&#8211; beste Verkehrsanbindung (auch nach Berlin),<br \/>\n&#8211; professionelle Bohnen Kaffeemaschine mit Kaffeespezialit\u00e4ten wie Espresso, Latte Machiato, Cappucino und Milchkaffee,<br \/>\n&#8211; leckere Smoothies, Milkshakes, diverse kalte Getr\u00e4nke und mehr.<\/p>\n<p>Die R\u00e4umlichkeiten der KulturAgentur\u00ae sind 500 Meter vom ruhigen gr\u00fcnen ber\u00fchmten Schlo\u00df Park Sanssouci (Eingang Affengang) und 300 Meter vom verkehrsg\u00fcnstigen Bahnhof Charlottenhof (RegionalExpress RE1 Berlin) gelegen.<\/p>\n","protected":false},"excerpt":{"rendered":"<p>KulturAgentur\u00ae Interkulturelle Events und Bildung Nachbarschaftsr\u00e4ume und B\u00fcrogemeinschaft Clara-Zetkin-Str. 7 14471 Potsdam Telefon 0331 \/ 58 50 58 50 www.KulturAgentur.org Die Seminarr\u00e4ume und B\u00fcrogemeinschaft der KulturAgentur\u00ae sind mit WLAN, Beamer, Flipcharts, Whiteboard und Drucker ausgestattet. Das Angebot umfa\u00dft &#8211; unmittelbaren Zugang zum wundersch\u00f6nen Schlo\u00dfpark Sanssouci, &#8211; beste Verkehrsanbindung (auch nach &#8230;<\/p>\n","protected":false},"author":1,"featured_media":0,"parent":0,"menu_order":0,"comment_status":"closed","ping_status":"closed","template":"","meta":{"_monsterinsights_skip_tracking":false,"_monsterinsights_sitenote_active":false,"_monsterinsights_sitenote_note":"","_monsterinsights_sitenote_category":0,"_price":"","_stock":"","_tribe_ticket_header":"","_tribe_default_ticket_provider":"","_tribe_ticket_capacity":"0","_ticket_start_date":"","_ticket_end_date":"","_tribe_ticket_show_description":"","_tribe_ticket_show_not_going":false,"_tribe_ticket_use_global_stock":"","_tribe_ticket_global_stock_level":"0","_global_stock_mode":"","_global_stock_cap":"","_tribe_rsvp_for_event":"","_tribe_ticket_going_count":"","_tribe_ticket_not_going_count":"","_tribe_tickets_list":"[]","_tribe_ticket_has_attendee_info_fields":false,"footnotes":""},"class_list":["post-1633","page","type-page","status-publish","hentry","column","twocol"],"yoast_head":"<!-- This site is optimized with the Yoast SEO plugin v22.4 - https:\/\/yoast.com\/wordpress\/plugins\/seo\/ -->\n<title>Adresse - KulturAgentur\u00ae<\/title>\n<meta name=\"robots\" content=\"index, follow, max-snippet:-1, max-image-preview:large, max-video-preview:-1\" \/>\n<link rel=\"canonical\" href=\"https:\/\/kulturagentur.org\/?page_id=1633\" \/>\n<meta property=\"og:locale\" content=\"en_US\" \/>\n<meta property=\"og:type\" content=\"article\" \/>\n<meta property=\"og:title\" content=\"Adresse - KulturAgentur\u00ae\" \/>\n<meta property=\"og:description\" content=\"KulturAgentur\u00ae Interkulturelle Events und Bildung Nachbarschaftsr\u00e4ume und B\u00fcrogemeinschaft Clara-Zetkin-Str. 7 14471 Potsdam Telefon 0331 \/ 58 50 58 50 www.KulturAgentur.org Die Seminarr\u00e4ume &#8230;\" \/>\n<meta property=\"og:url\" content=\"https:\/\/kulturagentur.org\/?page_id=1633\" \/>\n<meta property=\"og:site_name\" content=\"KulturAgentur\u00ae\" \/>\n<meta property=\"article:publisher\" content=\"https:\/\/www.facebook.com\/kulturagentur\" \/>\n<meta property=\"article:modified_time\" content=\"2020-06-01T09:32:51+00:00\" \/>\n<meta name=\"twitter:card\" content=\"summary_large_image\" \/>\n<meta name=\"twitter:site\" content=\"@kulturagentur\" \/>\n<meta name=\"twitter:label1\" content=\"Est. reading time\" \/>\n\t<meta name=\"twitter:data1\" content=\"1 minute\" \/>\n<script type=\"application\/ld+json\" class=\"yoast-schema-graph\">{\"@context\":\"https:\/\/schema.org\",\"@graph\":[{\"@type\":\"WebPage\",\"@id\":\"https:\/\/kulturagentur.org\/?page_id=1633\",\"url\":\"https:\/\/kulturagentur.org\/?page_id=1633\",\"name\":\"Adresse - KulturAgentur\u00ae\",\"isPartOf\":{\"@id\":\"https:\/\/kulturagentur.org\/#website\"},\"datePublished\":\"2016-07-16T19:21:30+00:00\",\"dateModified\":\"2020-06-01T09:32:51+00:00\",\"breadcrumb\":{\"@id\":\"https:\/\/kulturagentur.org\/?page_id=1633#breadcrumb\"},\"inLanguage\":\"en-US\",\"potentialAction\":[{\"@type\":\"ReadAction\",\"target\":[\"https:\/\/kulturagentur.org\/?page_id=1633\"]}]},{\"@type\":\"BreadcrumbList\",\"@id\":\"https:\/\/kulturagentur.org\/?page_id=1633#breadcrumb\",\"itemListElement\":[{\"@type\":\"ListItem\",\"position\":1,\"name\":\"Home\",\"item\":\"https:\/\/kulturagentur.org\/\"},{\"@type\":\"ListItem\",\"position\":2,\"name\":\"Adresse\"}]},{\"@type\":\"WebSite\",\"@id\":\"https:\/\/kulturagentur.org\/#website\",\"url\":\"https:\/\/kulturagentur.org\/\",\"name\":\"KulturAgentur\u00ae\",\"description\":\"Interkulturelle Events und Bildung\",\"publisher\":{\"@id\":\"https:\/\/kulturagentur.org\/#organization\"},\"potentialAction\":[{\"@type\":\"SearchAction\",\"target\":{\"@type\":\"EntryPoint\",\"urlTemplate\":\"https:\/\/kulturagentur.org\/?s={search_term_string}\"},\"query-input\":\"required name=search_term_string\"}],\"inLanguage\":\"en-US\"},{\"@type\":\"Organization\",\"@id\":\"https:\/\/kulturagentur.org\/#organization\",\"name\":\"KulturAgentur\",\"url\":\"https:\/\/kulturagentur.org\/\",\"logo\":{\"@type\":\"ImageObject\",\"inLanguage\":\"en-US\",\"@id\":\"https:\/\/kulturagentur.org\/#\/schema\/logo\/image\/\",\"url\":\"https:\/\/kulturagentur.org\/wp-content\/uploads\/2016\/07\/logo_600px.jpg\",\"contentUrl\":\"https:\/\/kulturagentur.org\/wp-content\/uploads\/2016\/07\/logo_600px.jpg\",\"width\":600,\"height\":162,\"caption\":\"KulturAgentur\"},\"image\":{\"@id\":\"https:\/\/kulturagentur.org\/#\/schema\/logo\/image\/\"},\"sameAs\":[\"https:\/\/www.facebook.com\/kulturagentur\",\"https:\/\/twitter.com\/kulturagentur\",\"https:\/\/www.linkedin.com\/company\/10812041\"]}]}<\/script>\n<!-- \/ Yoast SEO plugin. -->","yoast_head_json":{"title":"Adresse - KulturAgentur\u00ae","robots":{"index":"index","follow":"follow","max-snippet":"max-snippet:-1","max-image-preview":"max-image-preview:large","max-video-preview":"max-video-preview:-1"},"canonical":"https:\/\/kulturagentur.org\/?page_id=1633","og_locale":"en_US","og_type":"article","og_title":"Adresse - KulturAgentur\u00ae","og_description":"KulturAgentur\u00ae Interkulturelle Events und Bildung Nachbarschaftsr\u00e4ume und B\u00fcrogemeinschaft Clara-Zetkin-Str. 7 14471 Potsdam Telefon 0331 \/ 58 50 58 50 www.KulturAgentur.org Die Seminarr\u00e4ume &#8230;","og_url":"https:\/\/kulturagentur.org\/?page_id=1633","og_site_name":"KulturAgentur\u00ae","article_publisher":"https:\/\/www.facebook.com\/kulturagentur","article_modified_time":"2020-06-01T09:32:51+00:00","twitter_card":"summary_large_image","twitter_site":"@kulturagentur","twitter_misc":{"Est. reading time":"1 minute"},"schema":{"@context":"https:\/\/schema.org","@graph":[{"@type":"WebPage","@id":"https:\/\/kulturagentur.org\/?page_id=1633","url":"https:\/\/kulturagentur.org\/?page_id=1633","name":"Adresse - KulturAgentur\u00ae","isPartOf":{"@id":"https:\/\/kulturagentur.org\/#website"},"datePublished":"2016-07-16T19:21:30+00:00","dateModified":"2020-06-01T09:32:51+00:00","breadcrumb":{"@id":"https:\/\/kulturagentur.org\/?page_id=1633#breadcrumb"},"inLanguage":"en-US","potentialAction":[{"@type":"ReadAction","target":["https:\/\/kulturagentur.org\/?page_id=1633"]}]},{"@type":"BreadcrumbList","@id":"https:\/\/kulturagentur.org\/?page_id=1633#breadcrumb","itemListElement":[{"@type":"ListItem","position":1,"name":"Home","item":"https:\/\/kulturagentur.org\/"},{"@type":"ListItem","position":2,"name":"Adresse"}]},{"@type":"WebSite","@id":"https:\/\/kulturagentur.org\/#website","url":"https:\/\/kulturagentur.org\/","name":"KulturAgentur\u00ae","description":"Interkulturelle Events und Bildung","publisher":{"@id":"https:\/\/kulturagentur.org\/#organization"},"potentialAction":[{"@type":"SearchAction","target":{"@type":"EntryPoint","urlTemplate":"https:\/\/kulturagentur.org\/?s={search_term_string}"},"query-input":"required name=search_term_string"}],"inLanguage":"en-US"},{"@type":"Organization","@id":"https:\/\/kulturagentur.org\/#organization","name":"KulturAgentur","url":"https:\/\/kulturagentur.org\/","logo":{"@type":"ImageObject","inLanguage":"en-US","@id":"https:\/\/kulturagentur.org\/#\/schema\/logo\/image\/","url":"https:\/\/kulturagentur.org\/wp-content\/uploads\/2016\/07\/logo_600px.jpg","contentUrl":"https:\/\/kulturagentur.org\/wp-content\/uploads\/2016\/07\/logo_600px.jpg","width":600,"height":162,"caption":"KulturAgentur"},"image":{"@id":"https:\/\/kulturagentur.org\/#\/schema\/logo\/image\/"},"sameAs":["https:\/\/www.facebook.com\/kulturagentur","https:\/\/twitter.com\/kulturagentur","https:\/\/www.linkedin.com\/company\/10812041"]}]}},"ticketed":false,"_links":{"self":[{"href":"https:\/\/kulturagentur.org\/index.php?rest_route=\/wp\/v2\/pages\/1633","targetHints":{"allow":["GET"]}}],"collection":[{"href":"https:\/\/kulturagentur.org\/index.php?rest_route=\/wp\/v2\/pages"}],"about":[{"href":"https:\/\/kulturagentur.org\/index.php?rest_route=\/wp\/v2\/types\/page"}],"author":[{"embeddable":true,"href":"https:\/\/kulturagentur.org\/index.php?rest_route=\/wp\/v2\/users\/1"}],"replies":[{"embeddable":true,"href":"https:\/\/kulturagentur.org\/index.php?rest_route=%2Fwp%2Fv2%2Fcomments&post=1633"}],"version-history":[{"count":14,"href":"https:\/\/kulturagentur.org\/index.php?rest_route=\/wp\/v2\/pages\/1633\/revisions"}],"predecessor-version":[{"id":1761,"href":"https:\/\/kulturagentur.org\/index.php?rest_route=\/wp\/v2\/pages\/1633\/revisions\/1761"}],"wp:attachment":[{"href":"https:\/\/kulturagentur.org\/index.php?rest_route=%2Fwp%2Fv2%2Fmedia&parent=1633"}],"curies":[{"name":"wp","href":"https:\/\/api.w.org\/{rel}","templated":true}]}}